{"id":3374,"date":"2016-06-28T13:57:55","date_gmt":"2016-06-28T20:57:55","guid":{"rendered":"https:\/\/www.mojoventures.co\/?page_id=3374"},"modified":"2016-08-03T09:17:51","modified_gmt":"2016-08-03T14:17:51","slug":"home-new","status":"publish","type":"page","link":"https:\/\/www.mojoventures.co\/en\/","title":{"rendered":"Inicio"},"content":{"rendered":"[vc_row full_width=&#8221;stretch_row_content_no_spaces&#8221; css=&#8221;.vc_custom_1468448447796{margin-top: 0px !important;margin-bottom: 0px !important;padding-top: 0px !important;padding-right: 3% !important;padding-bottom: 0px !important;padding-left: 3% !important;background-color: #009d8b !important;}&#8221;][vc_column][vc_column_text css=&#8221;.vc_custom_1468447876812{margin-right: 40px !important;margin-left: 40px !important;}&#8221;]\n<div style=\"font-size: 30px; color: #fff; text-align: right;\">\u201cLa \u00fanica <strong>constructora de empresas<\/strong> que a trav\u00e9s de la potencializaci\u00f3n de las personas y su alineaci\u00f3n a la ejecuci\u00f3n de una estrategia ganadora logra llevar las empresas a su siguiente nivel de desarrollo.\u201d<\/div>\n[\/vc_column_text][\/vc_column][\/vc_row][vc_row full_width=&#8221;stretch_row&#8221; css=&#8221;.vc_custom_1468272287467{margin-bottom: 0px !important;padding-bottom: 0px !important;background-color: #ffffff !important;}&#8221; el_id=&#8221;queesmojo&#8221;][vc_column][vc_column_text]\n<div style=\"font-size: 35px; color: #009d8b; text-align: left;\"><strong>qu\u00e9 es mojo<\/strong> ventures?<\/div>\n<div style=\"font-size: 20px; color: #3b4f50; text-align: left;\">visi\u00f3n general del negocio<\/div>\n[\/vc_column_text][\/vc_column][\/vc_row][vc_row full_width=&#8221;stretch_row&#8221; gap=&#8221;10&#8243; css=&#8221;.vc_custom_1467153944124{margin-top: 0px !important;padding-top: 0px !important;padding-bottom: 40px !important;background-color: #ffffff !important;}&#8221;][vc_column width=&#8221;1\/3&#8243;][vc_single_image image=&#8221;3796&#8243; img_size=&#8221;full&#8221; alignment=&#8221;center&#8221; css_animation=&#8221;top-to-bottom&#8221;][vc_column_text css=&#8221;.vc_custom_1468631232364{margin-right: 20px !important;margin-left: 20px !important;}&#8221;]\n<div style=\"color: #009d8b; font-size: 18px; line-height: 36px; text-align: center;\">Buscamos empresas que: (I) su equipo esta comprometido, (II) su producto o servicio llega directamente a las personas para hacer su vida mejor \u00a0y \u00a0(III) tiene potencial de servir de Colombia para el mundo<\/div>\n[\/vc_column_text][\/vc_column][vc_column width=&#8221;1\/3&#8243;][vc_single_image image=&#8221;3794&#8243; img_size=&#8221;full&#8221; alignment=&#8221;center&#8221; css_animation=&#8221;bottom-to-top&#8221;][vc_column_text css=&#8221;.vc_custom_1468631244419{margin-right: 15px !important;margin-left: 15px !important;}&#8221;]\n<div style=\"color: #009d8b; font-size: 18px; line-height: 36px; text-align: center;\">Inmersi\u00f3n en la peque\u00f1a empresa que trabaja en la transformaci\u00f3n de las personas y los equipos de trabajo, \u00a0al igual que la transformaci\u00f3n del negocio<\/div>\n[\/vc_column_text][\/vc_column][vc_column width=&#8221;1\/3&#8243;][vc_single_image image=&#8221;3795&#8243; img_size=&#8221;full&#8221; alignment=&#8221;center&#8221; css_animation=&#8221;top-to-bottom&#8221;][vc_column_text css=&#8221;.vc_custom_1468631259192{margin-right: 20px !important;margin-left: 20px !important;}&#8221;]\n<div style=\"color: #009d8b; font-size: 18px; line-height: 36px; text-align: center;\">El resultado es el crecimiento significativo de la empresa, asegurando la rentabilidad y la sostenibilidad en le futuro<\/div>\n[\/vc_column_text][\/vc_column][\/vc_row][vc_row full_width=&#8221;stretch_row_content&#8221; parallax=&#8221;content-moving-fade&#8221; parallax_image=&#8221;3537&#8243; css=&#8221;.vc_custom_1468606392308{padding-top: 10% !important;padding-right: 20px !important;padding-bottom: 10% !important;padding-left: 20px !important;}&#8221; el_id=&#8221;empresasmojo&#8221;][vc_column][vc_column_text][\/vc_column_text][\/vc_column][\/vc_row][vc_row full_width=&#8221;stretch_row&#8221; css=&#8221;.vc_custom_1467182729597{margin-bottom: 0px !important;padding-bottom: 0px !important;background-color: #ffffff !important;}&#8221;][vc_column][vc_column_text css=&#8221;.vc_custom_1468443575902{margin-bottom: 0px !important;padding-bottom: 0px !important;}&#8221;]\n<div style=\"font-size: 35px; color: #3b4f50; text-align: left;\">empresas | <span style=\"color: #009d8b;\"><strong>mojo ventures<\/strong><\/span><\/div>\n<div style=\"font-size: 20px; color: #3b4f50; text-align: left;\">Trabajamos de la mano con ventures que su oferta de producto o servicio, su prop\u00f3sito y mojo, llegue directamente a las personas y brinde alternativas reales que contribuyen a hacer la vida de sus clientes mucho mejor.<\/div>\n[\/vc_column_text][\/vc_column][\/vc_row][vc_row full_width=&#8221;stretch_row&#8221; gap=&#8221;10&#8243; equal_height=&#8221;yes&#8221; css=&#8221;.vc_custom_1467182897490{margin-top: 20px !important;padding-top: 0px !important;padding-bottom: 20px !important;background-color: #ffffff !important;}&#8221;][vc_column width=&#8221;1\/2&#8243; css=&#8221;.vc_custom_1467182753553{margin-top: 0px !important;padding-top: 0px !important;}&#8221;][vc_single_image image=&#8221;3558&#8243; img_size=&#8221;medium&#8221; alignment=&#8221;center&#8221; onclick=&#8221;custom_link&#8221; img_link_target=&#8221;_blank&#8221; css_animation=&#8221;appear&#8221; link=&#8221;http:\/\/www.skydivecolombia.com&#8221;][vc_column_text]\n<div style=\"color: #3b4f50; font-size: 17px; text-align: justify;\"><span style=\"color: #ffffff;\">a<\/span><\/div>\n<div style=\"color: #3b4f50; font-size: 17px; text-align: justify;\"><span style=\"color: #ffffff;\">a<\/span><\/div>\n<div style=\"color: #3b4f50; font-size: 17px; text-align: justify;\">Ha brindado la experiencia de saltar en paraca\u00eddas por m\u00e1s de 24 a\u00f1os en Colombia, logrando ofrecer una experiencia real que combina riesgo, confianza y miedo para convertirlos en felicidad, satisfacci\u00f3n y realizaci\u00f3n de sue\u00f1os de volar. A partir de esta base estamos evolucionando para complementar su oferta con m\u00faltiples actividades de experiencia transformacional de personas en Colombia.<\/div>\n[\/vc_column_text][\/vc_column][vc_column width=&#8221;1\/2&#8243;][vc_single_image image=&#8221;3559&#8243; img_size=&#8221;medium&#8221; alignment=&#8221;center&#8221; onclick=&#8221;custom_link&#8221; img_link_target=&#8221;_blank&#8221; css_animation=&#8221;appear&#8221; link=&#8221;http:\/\/ecomedics.com.co\/&#8221;][vc_column_text]\n<div style=\"color: #3b4f50; font-size: 17px; text-align: justify;\">Empresa 100% colombiana dedicada al cultivo, procesamiento y comercializaci\u00f3n de extractos de cannabis y productos terminados con fines medicinales y cient\u00edficos.<br \/>\nEs la primera empresa colombiana con licencia para producci\u00f3n y transformaci\u00f3n de derivados que busca mejorar la calidad de vida de muchas personas con productos de alta calidad y mediante una integraci\u00f3n responsable de la cadena de producci\u00f3n. \u201cPor una mejor Colombia\u201d<\/div>\n[\/vc_column_text][\/vc_column][\/vc_row][vc_row full_width=&#8221;stretch_row&#8221; css=&#8221;.vc_custom_1467188510075{margin-top: 0px !important;margin-bottom: 0px !important;padding-top: 0px !important;padding-bottom: 0px !important;background-color: #ffffff !important;}&#8221; el_id=&#8221;contacto&#8221;][vc_column][vc_column_text css=&#8221;.vc_custom_1468847785571{margin-top: 0px !important;margin-bottom: 0px !important;padding-top: 0px !important;padding-bottom: 0px !important;}&#8221;]\n<div style=\"font-size: 35px; color: #3b4f50; text-align: left;\">cont\u00e1ctenos | <span style=\"color: #009d8b;\"><strong>mojo ventures<\/strong><\/span><\/div>\n<div style=\"font-size: 20px; color: #3b4f50; text-align: left;\">Si quieres aplicar a nuestro programa de aceleraci\u00f3n, buscas m\u00e1s informaci\u00f3n o quieres ser parte de nuestro equipo, por favor d\u00e9janos tu informaci\u00f3n de contacto, cu\u00e9ntanos a cerca de tus intereses y te contactaremos.<\/div>\n[\/vc_column_text][\/vc_column][\/vc_row][vc_row full_width=&#8221;stretch_row&#8221; css=&#8221;.vc_custom_1467174830328{margin-top: 0px !important;margin-bottom: 20px !important;padding-top: 0px !important;background-color: #ffffff !important;}&#8221;][vc_column width=&#8221;2\/3&#8243;]\n<div class=\"wpcf7 no-js\" id=\"wpcf7-f136-o2\" lang=\"es-ES\" dir=\"ltr\" data-wpcf7-id=\"136\">\n<div class=\"screen-reader-response\"><p role=\"status\" aria-live=\"polite\" aria-atomic=\"true\"><\/p> <ul><\/ul><\/div>\n<form action=\"\/en\/wp-json\/wp\/v2\/pages\/3374#wpcf7-f136-o2\" method=\"post\" class=\"wpcf7-form init\" aria-label=\"Formulario de contacto\" novalidate=\"novalidate\" data-status=\"init\">\n<fieldset class=\"hidden-fields-container\"><input type=\"hidden\" name=\"_wpcf7\" value=\"136\" \/><input type=\"hidden\" name=\"_wpcf7_version\" value=\"6.1.5\" \/><input type=\"hidden\" name=\"_wpcf7_locale\" value=\"es_ES\" \/><input type=\"hidden\" name=\"_wpcf7_unit_tag\" value=\"wpcf7-f136-o2\" \/><input type=\"hidden\" name=\"_wpcf7_container_post\" value=\"0\" \/><input type=\"hidden\" name=\"_wpcf7_posted_data_hash\" value=\"\" \/>\n<\/fieldset>\n<div id=\"fomularioHome\">\n\t<div class=\"lineaForm\">\n\t\t<div class=\"elementoFormIzq\">\n\t\t\t<p><span class=\"wpcf7-form-control-wrap\" data-name=\"nombre\"><input size=\"40\" maxlength=\"400\" class=\"wpcf7-form-control wpcf7-text wpcf7-validates-as-required\" aria-required=\"true\" aria-invalid=\"false\" value=\"nombre completo*\" type=\"text\" name=\"nombre\" \/><\/span>\n\t\t\t<\/p>\n\t\t<\/div>\n\t\t<div class=\"elementoFormDer\">\n\t\t\t<p><span class=\"wpcf7-form-control-wrap\" data-name=\"email\"><input size=\"40\" maxlength=\"400\" class=\"wpcf7-form-control wpcf7-email wpcf7-validates-as-required wpcf7-text wpcf7-validates-as-email\" aria-required=\"true\" aria-invalid=\"false\" value=\"correo electr\u00f3nico*\" type=\"email\" name=\"email\" \/><\/span>\n\t\t\t<\/p>\n\t\t<\/div>\n\t<\/div>\n\t<div class=\"lineaForm\">\n\t\t<div class=\"elementoFormIzq\">\n\t\t\t<p><span class=\"wpcf7-form-control-wrap\" data-name=\"telefono\"><input size=\"40\" maxlength=\"400\" class=\"wpcf7-form-control wpcf7-tel wpcf7-validates-as-required wpcf7-text wpcf7-validates-as-tel\" aria-required=\"true\" aria-invalid=\"false\" value=\"tel\u00e9fono*\" type=\"tel\" name=\"telefono\" \/><\/span>\n\t\t\t<\/p>\n\t\t<\/div>\n\t\t<div class=\"elementoFormDer\">\n\t\t\t<p><span class=\"wpcf7-form-control-wrap\" data-name=\"empresa\"><input size=\"40\" maxlength=\"400\" class=\"wpcf7-form-control wpcf7-text wpcf7-validates-as-required\" aria-required=\"true\" aria-invalid=\"false\" value=\"empresa*\" type=\"text\" name=\"empresa\" \/><\/span>\n\t\t\t<\/p>\n\t\t<\/div>\n\t<\/div>\n\t<div class=\"lineaForm\">\n\t\t<p><span class=\"wpcf7-form-control-wrap\" data-name=\"mensaje\"><textarea cols=\"40\" rows=\"10\" maxlength=\"2000\" class=\"wpcf7-form-control wpcf7-textarea wpcf7-validates-as-required\" aria-required=\"true\" aria-invalid=\"false\" name=\"mensaje\">mensaje<\/textarea><\/span>\n\t\t<\/p>\n\t<\/div>\n\t<div class=\"lineaForm\">\n\t\t<p><span class=\"wpcf7-form-control-wrap\" data-name=\"interes\"><select class=\"wpcf7-form-control wpcf7-select wpcf7-validates-as-required\" aria-required=\"true\" aria-invalid=\"false\" name=\"interes\"><option value=\"interesado en:*\">interesado en:*<\/option><option value=\"quiero trabajar en mojo ventures\">quiero trabajar en mojo ventures<\/option><option value=\"busco informaci\u00f3n m\u00e1s detallada\">busco informaci\u00f3n m\u00e1s detallada<\/option><option value=\"quiero aplicar al programa de aceleraci\u00f3n\">quiero aplicar al programa de aceleraci\u00f3n<\/option><option value=\"quiero ser parte de la red de patrocinadores\/inversionistas\">quiero ser parte de la red de patrocinadores\/inversionistas<\/option><option value=\"quiere establecer contacto directo con el equipo de mojo\">quiere establecer contacto directo con el equipo de mojo<\/option><\/select><\/span>\n\t\t<\/p>\n\t<\/div>\n\t<div class=\"lineaForm\">\n\t\t<p><input class=\"wpcf7-form-control wpcf7-submit has-spinner\" type=\"submit\" value=\"enviar\" \/>\n\t\t<\/p>\n\t<\/div>\n<\/div><p style=\"display: none !important;\" class=\"akismet-fields-container\" data-prefix=\"_wpcf7_ak_\"><label>&#916;<textarea name=\"_wpcf7_ak_hp_textarea\" cols=\"45\" rows=\"8\" maxlength=\"100\"><\/textarea><\/label><input type=\"hidden\" id=\"ak_js_2\" name=\"_wpcf7_ak_js\" value=\"180\"\/><script>document.getElementById( \"ak_js_2\" ).setAttribute( \"value\", ( new Date() ).getTime() );<\/script><\/p><div class=\"wpcf7-response-output\" aria-hidden=\"true\"><\/div>\n<\/form>\n<\/div>\n[vc_column_text]\n<p style=\"line-height: 25px; font-size: 14px;\">continuamente tenemos vacantes en m\u00faltiples roles en\u00a0<strong>mojo<\/strong> ventures y las empresas con que trabajamos (Asociados, CEO Co-Founder, COO, entre otros) \u2026. Selecciona la opci\u00f3n \u201cQuiero trabajar en <strong>mojo<\/strong> ventures\u201d\u2026.<\/p>\n[\/vc_column_text][\/vc_column][vc_column width=&#8221;1\/3&#8243;][vc_gmaps link=&#8221;#E-8_JTNDaWZyYW1lJTIwc3JjJTNEJTIyaHR0cHMlM0ElMkYlMkZ3d3cuZ29vZ2xlLmNvbSUyRm1hcHMlMkZkJTJGdSUyRjAlMkZlbWJlZCUzRm1pZCUzRDExdXJFUXVrVnFsT0xzV0JiN2JURWU1eFVFUXMlMjIlMjBoZWlnaHQlM0QlMjIzMDAlMjIlMjBmcmFtZWJvcmRlciUzRCUyMjAlMjIlMjBzdHlsZSUzRCUyMmJvcmRlciUzQTAlMjIlMjBhbGxvd2Z1bGxzY3JlZW4lM0UlM0MlMkZpZnJhbWUlM0U=&#8221; css=&#8221;.vc_custom_1468449473235{margin-bottom: 0px !important;padding-bottom: 0px !important;}&#8221;][vc_column_text css=&#8221;.vc_custom_1468196891113{margin-bottom: 10px !important;}&#8221;]\n<h3>oficina bogot\u00e1<\/h3>\n<ul>\n<li>Tel\u00e9fono: +(57) 1 757 0159<\/li>\n<li>Direcci\u00f3n: carrera 13 # 96 -67 Of.214<\/li>\n<\/ul>\n[\/vc_column_text][\/vc_column][\/vc_row]","protected":false},"excerpt":{"rendered":"<p>[vc_row full_width=&#8221;stretch_row_content_no_spaces&#8221; css=&#8221;.vc_custom_1468448447796{margin-top: 0px !important;margin-bottom: 0px !important;padding-top: 0px !important;padding-right: 3% !important;padding-bottom: 0px !important;padding-left: 3% !important;background-color: #009d8b !important;}&#8221;][vc_column][vc_column_text css=&#8221;.vc_custom_1468447876812{margin-right: 40px !important;margin-left: 40px !important;}&#8221;] \u201cLa \u00fanica constructora de empresas que a trav\u00e9s de la potencializaci\u00f3n de las personas y su alineaci\u00f3n a la ejecuci\u00f3n de una estrategia&#8230;<\/p>\n","protected":false},"author":1,"featured_media":0,"parent":0,"menu_order":0,"comment_status":"closed","ping_status":"closed","template":"","meta":{"footnotes":""},"class_list":["post-3374","page","type-page","status-publish","hentry"],"_links":{"self":[{"href":"https:\/\/www.mojoventures.co\/en\/wp-json\/wp\/v2\/pages\/3374","targetHints":{"allow":["GET"]}}],"collection":[{"href":"https:\/\/www.mojoventures.co\/en\/wp-json\/wp\/v2\/pages"}],"about":[{"href":"https:\/\/www.mojoventures.co\/en\/wp-json\/wp\/v2\/types\/page"}],"author":[{"embeddable":true,"href":"https:\/\/www.mojoventures.co\/en\/wp-json\/wp\/v2\/users\/1"}],"replies":[{"embeddable":true,"href":"https:\/\/www.mojoventures.co\/en\/wp-json\/wp\/v2\/comments?post=3374"}],"version-history":[{"count":146,"href":"https:\/\/www.mojoventures.co\/en\/wp-json\/wp\/v2\/pages\/3374\/revisions"}],"predecessor-version":[{"id":3835,"href":"https:\/\/www.mojoventures.co\/en\/wp-json\/wp\/v2\/pages\/3374\/revisions\/3835"}],"wp:attachment":[{"href":"https:\/\/www.mojoventures.co\/en\/wp-json\/wp\/v2\/media?parent=3374"}],"curies":[{"name":"wp","href":"https:\/\/api.w.org\/{rel}","templated":true}]}}