{"id":3464,"date":"2016-06-29T04:31:21","date_gmt":"2016-06-29T09:31:21","guid":{"rendered":"https:\/\/www.mojoventures.co\/?page_id=3464"},"modified":"2017-01-10T08:49:52","modified_gmt":"2017-01-10T13:49:52","slug":"quienes-somos","status":"publish","type":"page","link":"https:\/\/www.mojoventures.co\/en\/quienes-somos\/","title":{"rendered":"quienes somos"},"content":{"rendered":"[vc_row el_id=&#8221;equipomojo&#8221;][vc_column][vc_column_text]\n<div style=\"font-size: 35px; color: #3b4f50; text-align: left;\">nuestro equipo| <span style=\"color: #009d8b;\"><strong>mojo ventures<\/strong><\/span><\/div>\n<div style=\"font-size: 20px; color: #3b4f50; text-align: left;\">Gente que busca hacer realidad los sue\u00f1os de emprendimiento y crecimiento en <strong>mojo<\/strong>ventures \u2013 \u201cGente Feliz\u201d<\/div>\n[\/vc_column_text][\/vc_column][\/vc_row][vc_row el_id=&#8221;perfiles&#8221;][vc_column width=&#8221;1\/4&#8243;][vc_column_text]<div class=\"flip_image_holder flip \" data-delay=\"100\"><a href=\"\" target=\"\"><div class=\"flip_image front\"><img decoding=\"async\" src=\"https:\/\/www.mojoventures.co\/wp-content\/uploads\/2016\/07\/profile_4_over.png\" alt=\"\" \/><\/div><div class=\"flip_image back\"><div class=\"flip_image_text\"><div class=\"flip_image_text_inner\"><img decoding=\"async\" src=\"https:\/\/www.mojoventures.co\/wp-content\/uploads\/2016\/07\/profile_4_release.png\" alt=\"\" \/><\/div><\/div><\/div><\/a><\/div>[\/vc_column_text][\/vc_column][vc_column width=&#8221;1\/4&#8243;][vc_column_text]\n<p style=\"font-size: 15px; line-height: 1.4; color: #3b4f50; text-align: justify;\">Andr\u00e9s es un Socio Fundador de MOJO Ventures desde sus inicios en 2016. Antes fue Presidente de IQ Outsourcing por 5 a\u00f1os liderando un equipo de m\u00e1s de 2,000 personas y Principal de Booz Allen Hamilton (Booz &amp; Company) donde estuvo 10 a\u00f1os en la Pr\u00e1ctica de Consumo Masivo. Andr\u00e9s es MBA de la Universidad de Harvard e Ingeniero Industrial y Economista de la Universidad de los Andes donde se gradu\u00f3 con honores. Andr\u00e9s es un apasionado de sus hijos, los vinos, la comida y la m\u00fasica.<\/p>\n<div class=\"padRedes\"><a href=\"https:\/\/www.facebook.com\/afajardoluna\"><i class=\"fa fa-facebook\">\u00a0<\/i><\/a><a href=\"https:\/\/www.linkedin.com\/in\/andres-fajardo-3581a5\"><i class=\"fa fa-linkedin\">\u00a0<\/i><\/a><\/div>\n[\/vc_column_text][\/vc_column][vc_column width=&#8221;1\/4&#8243;][vc_column_text]<div class=\"flip_image_holder flip \" data-delay=\"100\"><a href=\"\" target=\"\"><div class=\"flip_image front\"><img decoding=\"async\" src=\"https:\/\/www.mojoventures.co\/wp-content\/uploads\/2016\/07\/profile_3_over.png\" alt=\"\" \/><\/div><div class=\"flip_image back\"><div class=\"flip_image_text\"><div class=\"flip_image_text_inner\"><img decoding=\"async\" src=\"https:\/\/www.mojoventures.co\/wp-content\/uploads\/2016\/07\/profile_3_release.png\" alt=\"\" \/><\/div><\/div><\/div><\/a><\/div>[\/vc_column_text][\/vc_column][vc_column width=&#8221;1\/4&#8243;][vc_column_text]\n<p style=\"font-size: 15px; line-height: 1.4; color: #3b4f50; text-align: justify;\">Gustavo es Socio Fundador de MOJO Ventures desde sus inicios en 2016. Cofundador de emprendimientos en los \u00faltimos 4 a\u00f1os y con m\u00e1s de 12 a\u00f1os de experiencia en el mundo corporativo -sectores salud, financiero y telcos. Gustavo tiene un MBA y una especializaci\u00f3n en e-commerce de la Universidad de los Andes y es Ingeniero de Sistemas de la Universidad Javeriana. Vive enamorado de su familia, la cocina y las aventuras extremas &#8211; se considera una persona feliz<\/p>\n<div class=\"padRedes\"><a href=\"https:\/\/www.facebook.com\/gustavo.escobar.5245\"><i class=\"fa fa-facebook\">\u00a0<\/i><\/a><a href=\"https:\/\/www.linkedin.com\/in\/gustavo-escobar-1699b024?trk=hp-identity-name\"><i class=\"fa fa-linkedin\">\u00a0<\/i><\/a><\/div>\n[\/vc_column_text][\/vc_column][\/vc_row][vc_row css=&#8221;.vc_custom_1467222951464{margin-bottom: 40px !important;}&#8221; el_id=&#8221;perfiles&#8221;][vc_column width=&#8221;1\/4&#8243;][vc_column_text]<div class=\"flip_image_holder flip \" data-delay=\"100\"><a href=\"\" target=\"\"><div class=\"flip_image front\"><img decoding=\"async\" src=\"https:\/\/www.mojoventures.co\/wp-content\/uploads\/2016\/07\/profile_1_over.png\" alt=\"\" \/><\/div><div class=\"flip_image back\"><div class=\"flip_image_text\"><div class=\"flip_image_text_inner\"><img decoding=\"async\" src=\"https:\/\/www.mojoventures.co\/wp-content\/uploads\/2016\/07\/profile_1_release.png\" alt=\"\" \/><\/div><\/div><\/div><\/a><\/div>[\/vc_column_text][\/vc_column][vc_column width=&#8221;1\/4&#8243;][vc_column_text]\n<p style=\"font-size: 15px; line-height: 1.4; color: #3b4f50; text-align: justify;\">Paula es la CEO de Ecomedics. Recientemente fue gerente de mercadeo de Syngenta en Latinoam\u00e9rica Norte y gerente de mercadeo de semillas de vegetales en Monsanto, tambi\u00e9n trabaj\u00f3 con un importante grupo de floricultores colombianos en comercializaci\u00f3n y producci\u00f3n, sumando as\u00ed m\u00e1s de 15 a\u00f1os en agroindustria. Ingeniera industrial de la Universidad de los Andes, con una maestr\u00eda en comunicaciones masivas y relaciones p\u00fablicas de la Universidad de Florida. Entusiasta de la lectura, el cine y sobre todo de sus hijas, Emilia y Julieta<\/p>\n<div class=\"padRedes\"><a href=\"https:\/\/www.facebook.com\/gustavo.escobar.5245\"><i class=\"fa fa-facebook\">\u00a0<\/i><\/a><a href=\"https:\/\/www.linkedin.com\/in\/gustavo-escobar-1699b024?trk=hp-identity-name\"><i class=\"fa fa-linkedin\">\u00a0<\/i><\/a><\/div>\n[\/vc_column_text][\/vc_column][vc_column width=&#8221;1\/4&#8243;][vc_column_text]<div class=\"flip_image_holder flip \" data-delay=\"100\"><a href=\"\" target=\"\"><div class=\"flip_image front\"><img decoding=\"async\" src=\"https:\/\/www.mojoventures.co\/wp-content\/uploads\/2016\/07\/profile_2_release.png\" alt=\"\" \/><\/div><div class=\"flip_image back\"><div class=\"flip_image_text\"><div class=\"flip_image_text_inner\"><img decoding=\"async\" src=\"https:\/\/www.mojoventures.co\/wp-content\/uploads\/2016\/07\/profile_2_over.png\" alt=\"\" \/><\/div><\/div><\/div><\/a><\/div>[\/vc_column_text][\/vc_column][vc_column width=&#8221;1\/4&#8243;][vc_column_text]\n<p style=\"font-size: 15px; line-height: 1.4; color: #3b4f50; text-align: justify;\">Daniel se uni\u00f3 al Equipo de mojo ventures en marzo\/16, encontrando en el concepto del mojo la oportunidad de despertar la pasi\u00f3n por lo que hace. Recientemente fue Director de Nuevos Negocios en iQ Outsourcing, y ha desempe\u00f1ado roles de coordinaci\u00f3n y an\u00e1lisis financiero para empresas industriales y de servicios. Daniel es MBA de la Universidad de los Andes, tiene una especializaci\u00f3n en Finanzas de la Universidad del Rosario y es Ingeniero Industrial de la Universidad America. Es un convencido que el amor de Dios mueve toda las cosas<\/p>\n<div class=\"padRedes\"><a href=\"https:\/\/www.facebook.com\/danieleliseo.montanarestrepo?ref=bookmarks\"><i class=\"fa fa-facebook\">\u00a0<\/i><\/a><a href=\"https:\/\/www.linkedin.com\/in\/daniel-eliseo-monta%C3%B1a-restrepo-a7297833?trk=hp-identity-name\"><i class=\"fa fa-linkedin\">\u00a0<\/i><\/a><\/div>\n[\/vc_column_text][\/vc_column][\/vc_row][vc_row css=&#8221;.vc_custom_1468631896297{margin-bottom: 40px !important;}&#8221; el_id=&#8221;culturamojo&#8221;][vc_column][vc_column_text]\n<div style=\"font-size: 35px; color: #3b4f50; text-align: left;\">cultura | <span style=\"color: #009d8b;\"><strong>mojo ventures<\/strong><\/span><\/div>\n<div style=\"font-size: 20px; color: #3b4f50; text-align: left; margin-top: 15px;\">Nos basamos en 6 principios para definir la forma de trabajar en nuestra compa\u00f1\u00eda y en cada uno de nuestros ventures.<\/div>\n[\/vc_column_text][vc_tta_tabs shape=&#8221;square&#8221; alignment=&#8221;center&#8221; active_section=&#8221;1&#8243; el_class=&#8221;losTabs&#8221;][vc_tta_section title=&#8221;1. prop\u00f3sito&#8221; tab_id=&#8221;1467193347485-c405a54d-12bf&#8221;][vc_column_text css=&#8221;.vc_custom_1467224381949{margin-top: 20px !important;margin-right: 20px !important;margin-bottom: 20px !important;margin-left: 20px !important;}&#8221;]\n<p style=\"text-align: center; font-size: 32px; color: #009d8b; line-height: 40px;\">inspirar personas para generar crecimiento<\/p>\n[\/vc_column_text][\/vc_tta_section][vc_tta_section title=&#8221;2. mojo + dinero&#8221; tab_id=&#8221;1467193347557-0ac57473-05a8&#8243;][vc_column_text]\n<p style=\"text-align: center; font-size: 32px; color: #009d8b; line-height: 40px;\">creemos que es posible lograr Mojo y Dinero conjuntamente<br \/>\n(noDinero versus Mojo)<\/p>\n[\/vc_column_text][\/vc_tta_section][vc_tta_section title=&#8221;3. impacto&#8221; tab_id=&#8221;1467193395206-b280478a-4cce&#8221;][vc_column_text]\n<p style=\"text-align: center; font-size: 32px; color: #009d8b; line-height: 40px;\">pensamos en grande, construimos \u00e1gilmente<br \/>\n(We think big, we build lean)<\/p>\n[\/vc_column_text][\/vc_tta_section][vc_tta_section title=&#8221;4. valor compartido&#8221; tab_id=&#8221;1467193396386-d74ba950-361e&#8221;][vc_column_text]\n<p style=\"text-align: center; font-size: 32px; color: #009d8b; line-height: 40px;\">solo ganamos si nuestros colaboradores, inversionistas, mentores y aliados tambi\u00e9n ganan<\/p>\n[\/vc_column_text][\/vc_tta_section][vc_tta_section title=&#8221;5. personas excepcionales&#8221; tab_id=&#8221;1467193438157-8f909bd5-619f&#8221;][vc_column_text]\n<p style=\"text-align: center; font-size: 32px; color: #009d8b; line-height: 40px;\">la potenciaci\u00f3n de las personas es el ingrediente fundamental de todos nuestros proyectos<\/p>\n[\/vc_column_text][\/vc_tta_section][vc_tta_section title=&#8221;6. autenticidad&#8221; tab_id=&#8221;1467193439168-3d1c9c73-79e6&#8243;][vc_column_text]\n<p style=\"text-align: center; font-size: 32px; color: #009d8b; line-height: 40px;\">en nuestras pasiones y nuestro estilo \u2013 nuestro Mojo es genuino<\/p>\n[\/vc_column_text][\/vc_tta_section][\/vc_tta_tabs][\/vc_column][\/vc_row][vc_row css=&#8221;.vc_custom_1468631911722{margin-bottom: 40px !important;}&#8221; el_id=&#8221;laidea&#8221;][vc_column][vc_column_text]\n<div style=\"font-size: 35px; color: #3b4f50; text-align: left;\">la\u00a0idea| <span style=\"color: #009d8b;\"><strong>evoluci\u00f3n de mojo ventures<\/strong><\/span><\/div>\n<div style=\"font-size: 20px; color: #3b4f50; text-align: left; margin-top: 15px;\">nuestra corta historia es muestra de nuestra pasi\u00f3n, nuestro mojo, para contribuir a los sue\u00f1os de emprendimiento de los dem\u00e1s<\/div>\n[\/vc_column_text][\/vc_column][\/vc_row][vc_row][vc_column width=&#8221;1\/4&#8243;][vc_single_image image=&#8221;3718&#8243; alignment=&#8221;center&#8221; css_animation=&#8221;left-to-right&#8221;][vc_column_text css=&#8221;.vc_custom_1469035860826{margin-top: 20px !important;margin-right: 20px !important;margin-bottom: 20px !important;margin-left: 2px !important;padding-top: 20px !important;padding-right: 10px !important;padding-bottom: 20px !important;padding-left: 10px !important;background-color: #ffffff !important;}&#8221;]\n<div style=\"font-size: 20px; color: #3b4f50; text-align: center;\"><span style=\"color: #ff6600;\"><strong>el mundo corporativo nos uni\u00f3<\/strong><\/span><\/div>\n<div style=\"font-size: 16px; color: #3b4f50; text-align: justify;\">m\u00e1s de 30 a\u00f1os de experiencia sumada y cerca de 6 a\u00f1os acelerando y creando en conjunto m\u00faltiples sectores \u2013 bancos, consumo masivo, aseguradores, entre otros\u00a0\u2013 crecimientos anuales de m\u00e1s de doble d\u00edgito, aperturas de mercados internacionales y mucho m\u00e1s\u2026.<\/div>\n[\/vc_column_text][\/vc_column][vc_column width=&#8221;1\/4&#8243;][vc_single_image image=&#8221;3719&#8243; alignment=&#8221;center&#8221; css_animation=&#8221;appear&#8221;][vc_column_text css=&#8221;.vc_custom_1469035926365{margin-top: 20px !important;margin-right: 20px !important;margin-bottom: 20px !important;margin-left: 20px !important;padding-top: 20px !important;padding-right: 10px !important;padding-bottom: 20px !important;padding-left: 10px !important;background-color: #ffffff !important;}&#8221;]\n<div style=\"font-size: 20px; color: #3b4f50; text-align: center;\"><span style=\"color: #ff6600;\"><strong>la se\u00f1al del mojo hizo sentido<\/strong><\/span><\/div>\n<div style=\"font-size: 16px; color: #3b4f50; text-align: justify;\">encontramos que el elemento principal que siempre hizo\u00a0que resultados excepcionales se dieran en nuestro pasado, fue la pasi\u00f3n propia alineada con la de nuestros equipos de trabajo para enfrentar los mas grandes desafios<\/div>\n[\/vc_column_text][\/vc_column][vc_column width=&#8221;1\/4&#8243;][vc_single_image image=&#8221;3720&#8243; alignment=&#8221;center&#8221; css_animation=&#8221;appear&#8221;][vc_column_text css=&#8221;.vc_custom_1469035935654{margin-top: 20px !important;margin-right: 20px !important;margin-bottom: 20px !important;margin-left: 20px !important;padding-top: 20px !important;padding-right: 10px !important;padding-bottom: 20px !important;padding-left: 10px !important;background-color: #ffffff !important;}&#8221;]\n<div style=\"font-size: 20px; color: #3b4f50; text-align: center;\"><span style=\"color: #ff6600;\"><strong>el emprendimiento es el camino<\/strong><\/span><\/div>\n<div style=\"font-size: 16px; color: #3b4f50; text-align: justify;\">hace m\u00e1s de un a\u00f1o coincidimos que el sue\u00f1o era emprender y poder compartir con otros nuestros a\u00f1os de experiencia<\/div>\n[\/vc_column_text][\/vc_column][vc_column width=&#8221;1\/4&#8243;][vc_single_image image=&#8221;3721&#8243; alignment=&#8221;center&#8221; css_animation=&#8221;right-to-left&#8221;][vc_column_text css=&#8221;.vc_custom_1469035965775{margin-top: 20px !important;margin-right: 20px !important;margin-bottom: 20px !important;margin-left: 20px !important;padding-top: 20px !important;padding-right: 10px !important;padding-bottom: 20px !important;padding-left: 10px !important;background-color: #ffffff !important;}&#8221;]\n<div style=\"font-size: 20px; color: #3b4f50; text-align: center;\"><span style=\"color: #ff6600;\"><strong>2016 comienza la aventura<br \/>\n<\/strong><\/span><\/div>\n<div style=\"text-align: center;\">\n<p><img decoding=\"async\" src=\"https:\/\/www.mojoventures.co\/wp-content\/uploads\/2016\/06\/logo.gif\" \/><\/p>\n<\/div>\n[\/vc_column_text][\/vc_column][\/vc_row][vc_column][\/vc_column]","protected":false},"excerpt":{"rendered":"<p>[vc_row el_id=&#8221;equipomojo&#8221;][vc_column][vc_column_text] nuestro equipo| mojo ventures Gente que busca hacer realidad los sue\u00f1os de emprendimiento y crecimiento en mojoventures \u2013 \u201cGente Feliz\u201d [\/vc_column_text][\/vc_column][\/vc_row][vc_row el_id=&#8221;perfiles&#8221;][vc_column width=&#8221;1\/4&#8243;][vc_column_text][\/vc_column_text][\/vc_column][vc_column width=&#8221;1\/4&#8243;][vc_column_text] Andr\u00e9s es un Socio Fundador de MOJO Ventures desde sus inicios en 2016. Antes fue Presidente de IQ Outsourcing&#8230;<\/p>\n","protected":false},"author":1,"featured_media":0,"parent":0,"menu_order":0,"comment_status":"closed","ping_status":"closed","template":"","meta":{"footnotes":""},"class_list":["post-3464","page","type-page","status-publish","hentry"],"_links":{"self":[{"href":"https:\/\/www.mojoventures.co\/en\/wp-json\/wp\/v2\/pages\/3464","targetHints":{"allow":["GET"]}}],"collection":[{"href":"https:\/\/www.mojoventures.co\/en\/wp-json\/wp\/v2\/pages"}],"about":[{"href":"https:\/\/www.mojoventures.co\/en\/wp-json\/wp\/v2\/types\/page"}],"author":[{"embeddable":true,"href":"https:\/\/www.mojoventures.co\/en\/wp-json\/wp\/v2\/users\/1"}],"replies":[{"embeddable":true,"href":"https:\/\/www.mojoventures.co\/en\/wp-json\/wp\/v2\/comments?post=3464"}],"version-history":[{"count":114,"href":"https:\/\/www.mojoventures.co\/en\/wp-json\/wp\/v2\/pages\/3464\/revisions"}],"predecessor-version":[{"id":3845,"href":"https:\/\/www.mojoventures.co\/en\/wp-json\/wp\/v2\/pages\/3464\/revisions\/3845"}],"wp:attachment":[{"href":"https:\/\/www.mojoventures.co\/en\/wp-json\/wp\/v2\/media?parent=3464"}],"curies":[{"name":"wp","href":"https:\/\/api.w.org\/{rel}","templated":true}]}}