{"id":3477,"date":"2016-06-29T04:56:49","date_gmt":"2016-06-29T09:56:49","guid":{"rendered":"https:\/\/www.mojoventures.co\/?page_id=3477"},"modified":"2016-08-03T09:34:49","modified_gmt":"2016-08-03T14:34:49","slug":"nuestro-enfoque","status":"publish","type":"page","link":"https:\/\/www.mojoventures.co\/en\/nuestro-enfoque\/","title":{"rendered":"nuestro enfoque"},"content":{"rendered":"[vc_row][vc_column width=&#8221;1\/2&#8243;][vc_column_text]\n<div style=\"font-size: 35px; color: #3b4f50; text-align: left;\"><strong>modelo<\/strong><span style=\"color: #009d8b;\"> <strong>conceptual<\/strong> | <strong>mojo<\/strong> ventures<\/span><\/div>\n<div style=\"font-size: 20px; color: #3b4f50; text-align: left; margin-top: 10px;\">Estamos convencidos que el mojo unido con estrategia y ejecuci\u00f3n generan resultados extraordinarios en los negocios y en las personas<\/div>\n[\/vc_column_text][vc_single_image image=&#8221;3693&#8243; img_size=&#8221;medium&#8221; alignment=&#8221;center&#8221; onclick=&#8221;zoom&#8221; css_animation=&#8221;appear&#8221;][\/vc_column][vc_column width=&#8221;1\/2&#8243;][vc_column_text]\n<div style=\"font-size: 35px; color: #3b4f50; text-align: left;\"><strong>construcci\u00f3n<span style=\"color: #009d8b;\"> de empresas<\/span><\/strong><\/div>\n<div style=\"font-size: 20px; color: #3b4f50; text-align: left; margin-top: 10px;\">la construcci\u00f3n de empresas tiene tres componentes principales: grandes y apasionados empresarios, una red de mentores e inversionistas comprometidos y el modelo de \u00e9xito y equipo de <strong>mojo<\/strong> Ventures<\/div>\n[\/vc_column_text][vc_single_image image=&#8221;3694&#8243; img_size=&#8221;medium&#8221; alignment=&#8221;center&#8221; onclick=&#8221;zoom&#8221; css_animation=&#8221;appear&#8221;][\/vc_column][\/vc_row][vc_row][vc_column width=&#8221;1\/2&#8243;][\/vc_column][vc_column width=&#8221;1\/2&#8243;][\/vc_column][\/vc_row][vc_row css=&#8221;.vc_custom_1468421218601{margin-bottom: 40px !important;}&#8221; el_id=&#8221;crecimiento&#8221;][vc_column][vc_tta_tabs shape=&#8221;square&#8221; alignment=&#8221;center&#8221; active_section=&#8221;1&#8243; el_class=&#8221;losTabs&#8221;][vc_tta_section title=&#8221;grandes y apasionados empresarios&#8221; tab_id=&#8221;1467227500438-07089a42-2b41&#8243;][vc_column_text]\n<p style=\"font-size: 16px; text-align: justify;\"><strong>Estamos convencidos que el elemento fundamental en el \u00e9xito de un negocio es su equipo. En MOJO Ventures buscamos los mejores equipos independientemente del tipo de negocio en que se encuentren. Definimos dos caracter\u00edsticas que buscamos en las personas:<\/strong><\/p>\n[\/vc_column_text][vc_row_inner][vc_column_inner width=&#8221;1\/2&#8243;][vc_column_text css_animation=&#8221;bottom-to-top&#8221;]<img loading=\"lazy\" decoding=\"async\" class=\"aligncenter size-full wp-image-3515\" src=\"https:\/\/www.mojoventures.co\/wp-content\/uploads\/2016\/06\/icono1.png\" alt=\"grandes\" width=\"186\" height=\"118\" \/><\/p>\n<p style=\"text-align: center; color: #009d8b; font-size: 20px; margin-top: 0;\"><strong>grandes<\/strong><\/p>\n<p style=\"text-align: justyfy; font-size: 16px;\">con sue\u00f1os e ideas de lograr impacto significativo en el mundo. Que tengan un claro prop\u00f3sito de negocio y vida mucho m\u00e1s all\u00e1 de ganar dinero.<\/p>\n[\/vc_column_text][\/vc_column_inner][vc_column_inner width=&#8221;1\/2&#8243;][vc_column_text css_animation=&#8221;bottom-to-top&#8221;]\n<p style=\"text-align: center; color: #009d8b; font-size: 20px; margin-top: 0;\"><strong><img loading=\"lazy\" decoding=\"async\" class=\"aligncenter size-full wp-image-3516\" src=\"https:\/\/www.mojoventures.co\/wp-content\/uploads\/2016\/06\/icono2.png\" alt=\"icono2\" width=\"186\" height=\"200\" \/>apasionados<\/strong><\/p>\n<p style=\"text-align: justyfy; font-size: 16px;\">aman su negocio, se dedican incondicionalmente con optimismo y comparten con el mundo su pasi\u00f3n por lo que hacen.<\/p>\n[\/vc_column_text][\/vc_column_inner][\/vc_row_inner][vc_column_text]\n<p style=\"font-size: 16px; text-align: justify;\">Hemos dise\u00f1ado un proceso de identificaci\u00f3n, evaluaci\u00f3n y selecci\u00f3n de empresas que nos permite identificar las adecuadas caracter\u00edsticas de los miembros del equipo y el potencial del modelo de negocio.<\/p>\n[\/vc_column_text][\/vc_tta_section][vc_tta_section title=&#8221;red de mentores e inversionistas&#8221; tab_id=&#8221;1467227500510-c3ae37a7-1c75&#8243;][vc_column_text]\n<p style=\"font-size: 16px; text-align: justify;\"><strong>Estamos construyendo una red de mentores e inversionistas que est\u00e9n comprometidos con el crecimiento y desarrollo de los emprendimientos que hagan parte del ecosistema de MOJO Ventures.<\/strong><\/p>\n<p style=\"font-size: 16px; text-align: justify;\"><strong>Los mentores son personas con gran experiencia y reconocimiento en sus respectivas \u00e1reas de trabajo que apoyar\u00e1n el desarrollo de las empresas en varios frentes:<\/strong><\/p>\n[\/vc_column_text][vc_row_inner equal_height=&#8221;yes&#8221;][vc_column_inner width=&#8221;1\/4&#8243;][vc_column_text css_animation=&#8221;top-to-bottom&#8221;]\n<div style=\"font-size: 14x; font-weight: bold; color: #009d8b;\">Selecci\u00f3n de empresas:<\/div>\n<p style=\"font-size: 14px; text-align: justify;\">con conocimiento de causa y ojo cr\u00edtico, los mentores son fundamentales en el proceso para seleccionar las empresas que har\u00e1n parte del ecosistema.<\/p>\n[\/vc_column_text][\/vc_column_inner][vc_column_inner width=&#8221;1\/4&#8243;][vc_column_text css_animation=&#8221;top-to-bottom&#8221;]\n<div style=\"font-size: 14px; font-weight: bold; color: #009d8b;\">Apoyo experto a los equipos:<\/div>\n<p style=\"font-size: 14px; text-align: justify;\">a trav\u00e9s de su conocimiento espec\u00edfico de industria, ayudar\u00e1n a las empresas a tomar decisiones r\u00e1pidas y certeras.<\/p>\n[\/vc_column_text][\/vc_column_inner][vc_column_inner width=&#8221;1\/4&#8243;][vc_column_text css_animation=&#8221;top-to-bottom&#8221;]\n<div style=\"font-size: 14px; font-weight: bold; color: #009d8b;\">Red de contactos:<\/div>\n<p style=\"font-size: 14px; text-align: justify;\">a trav\u00e9s de los mentores, ponemos a disposici\u00f3n de los empresarios una amplia red de contactos que pueden tener un impacto inmediato sobre el negocio \u2013 clientes, proveedores, etc.<\/p>\n[\/vc_column_text][\/vc_column_inner][vc_column_inner width=&#8221;1\/4&#8243;][vc_column_text css_animation=&#8221;top-to-bottom&#8221;]\n<div style=\"font-size: 14px; font-weight: bold; color: #009d8b;\">Inversi\u00f3n:<\/div>\n<p style=\"font-size: 14px; text-align: justify;\">los mentores son la primera alternativa de financiamiento para los planes de expansi\u00f3n de las empresas.<\/p>\n[\/vc_column_text][\/vc_column_inner][\/vc_row_inner][\/vc_tta_section][vc_tta_section title=&#8221;equipo y modelo de \u00e9xito de mojo ventures&#8221; tab_id=&#8221;1467227592279-24ebd8e6-cbfc&#8221;][vc_column_text]\n<p style=\"font-size: 16px; text-align: justify;\"><strong>El Equipo de MOJO Ventures trabajar\u00e1 lado a lado con las empresas que hagan parte del ecosistema para lograr de la mano de los equipos ejecutivos y de los mentores una transformaci\u00f3n de las empresas hacia el crecimiento sostenible y rentable. Nos diferenciamos en el mercado a trav\u00e9s de tres elementos fundamentales:<\/strong><\/p>\n[\/vc_column_text][vc_row_inner equal_height=&#8221;yes&#8221;][vc_column_inner width=&#8221;1\/3&#8243;][vc_column_text css_animation=&#8221;left-to-right&#8221;]\n<div style=\"font-size: 14px; font-weight: bold; color: #009d8b;\">Modelo de \u00e9xito para los negocios:<\/div>\n<p style=\"font-size: 14px; text-align: justify;\">nuestro modelo de \u00e9xito considera de vital importancia tener dos elementos alineados: por un lado, MOJO del Equipo &#8211; es decir, tener equipos que amen lo que hacen, lo hagan con optimismo y que lo comuniquen al mundo; son equipos que logran ser felices hoy al estar dedicados a algo que tiene significado para ellos en el largo plazo. Por otro lado, Estrategia &amp; Ejecuci\u00f3n ganadora &#8211; es decir, una hoja de ruta definida, entendiendo que lo m\u00e1s importante no es seguirla en detalle sino ser capaces de saber cu\u00e1ndo, por qu\u00e9 y c\u00f3mo debe cambiar.<\/p>\n[\/vc_column_text][\/vc_column_inner][vc_column_inner width=&#8221;1\/3&#8243;][vc_column_text css_animation=&#8221;appear&#8221;]\n<div style=\"font-size: 14px; font-weight: bold; color: #009d8b;\">Dedicaci\u00f3n real del equipo de Mojo Ventures:<\/div>\n<p style=\"font-size: 14px; text-align: justify;\">en cada uno de las empresas con que trabajamos aseguramos tener una alta dedicaci\u00f3n de tiempo. Por un lado, asignamos un recurso de tiempo completo a la empresa enfocado en asegurar y co-ejecutar los planes de acci\u00f3n definidos. As\u00ed mismo, los socios de Mojo Ventures tienen una alta participaci\u00f3n no solamente a nivel estrat\u00e9gico sino de acompa\u00f1amiento en el dise\u00f1o e implementaci\u00f3n de los planes t\u00e1cticos as\u00ed como en la toma de decisiones.<\/p>\n[\/vc_column_text][\/vc_column_inner][vc_column_inner width=&#8221;1\/3&#8243;][vc_column_text css_animation=&#8221;left-to-right&#8221;]\n<div style=\"font-size: 14px; font-weight: bold; color: #009d8b;\">Compensaci\u00f3n Gana-Gana:<\/div>\n<p style=\"font-size: 14px; text-align: justify;\">estamos convencidos que aplicando nuestro modelo de \u00e9xito en los negocios y con alta dedicaci\u00f3n de nuestros equipos lograremos, de la mano de los equipos en cada empresa, resultados extraordinarios. Por esto, la compensaci\u00f3n de MOJO Ventures depender\u00e1 del \u00e9xito de este trabajo conjunto. En otras palabras, seremos compensados \u00fanicamente en caso de lograr resultados; de lo contrario, no tendremos compensaci\u00f3n.<\/p>\n[\/vc_column_text][\/vc_column_inner][\/vc_row_inner][vc_column_text]\n<p style=\"font-size: 16px; text-align: justify;\">En MOJO Ventures, estamos convencidos de que las empresas con que trabajemos lograr\u00e1n tener un equipo inspirado, crecimiento acelerado y rentabilidad.<\/p>\n[\/vc_column_text][\/vc_tta_section][\/vc_tta_tabs][\/vc_column][\/vc_row][vc_row el_id=&#8221;oferta&#8221;][vc_column][vc_column_text]\n<div style=\"font-size: 35px; color: #3b4f50; text-align: left;\"><strong>el valor para nuestros<\/strong><span style=\"color: #009d8b;\"> ventures<\/span><\/div>\n<div style=\"font-size: 20px; color: #3b4f50; text-align: left; margin-top: 10px;\">nuestra oferta de valor esta conformada por cinco componentes y aseguramos a trav\u00e9s del equipo de <strong>mojo<\/strong>\u00a0ventures<\/div>\n[\/vc_column_text][\/vc_column][\/vc_row][vc_row][vc_column width=&#8221;1\/4&#8243; css=&#8221;.vc_custom_1468594195545{margin-bottom: -60px !important;background-color: #ffffff !important;}&#8221;][vc_single_image image=&#8221;3698&#8243; alignment=&#8221;center&#8221;][\/vc_column][vc_column width=&#8221;3\/4&#8243;][vc_column_text css=&#8221;.vc_custom_1468594079217{margin-top: 20px !important;margin-right: 20px !important;margin-bottom: 20px !important;margin-left: 20px !important;padding-top: 20px !important;padding-right: 10px !important;padding-bottom: 20px !important;padding-left: 10px !important;background-color: #ffffff !important;}&#8221;]\n<div style=\"font-size: 25px; color: #009d8b; text-align: center;\"><span style=\"color: #ffffff;\">a<\/span><\/div>\n<div style=\"font-size: 25px; color: #009d8b; text-align: center;\"><span style=\"color: #ffffff;\">a<\/span><\/div>\n<div style=\"font-size: 25px; color: #009d8b; text-align: center;\"><strong>equipo inspirado<\/strong><\/div>\n<div style=\"font-size: 20px; color: #3b4f50; text-align: center;\">felicidad en el corto plazo con lo que hacen \u00a0 \u00a0\u00a0<strong> \u00a0<span style=\"color: #ff6600;\">+<\/span> \u00a0<\/strong>\u00a0 \u00a0sentido \/ prop\u00f3sito de largo plazo<\/div>\n<div style=\"font-size: 20px; color: #3b4f50; text-align: center;\"><\/div>\n<div style=\"font-size: 20px; color: #3b4f50; text-align: center;\">\n<hr \/>\n<\/div>\n[\/vc_column_text][\/vc_column][\/vc_row][vc_row][vc_column width=&#8221;1\/4&#8243; css=&#8221;.vc_custom_1468558108018{background-color: #ffffff !important;}&#8221;][vc_single_image image=&#8221;3704&#8243; alignment=&#8221;center&#8221;][\/vc_column][vc_column width=&#8221;3\/4&#8243;][vc_column_text css=&#8221;.vc_custom_1468593629609{margin-top: 20px !important;margin-right: 20px !important;margin-bottom: 20px !important;margin-left: 20px !important;padding-top: 20px !important;padding-right: 10px !important;padding-bottom: 20px !important;padding-left: 10px !important;background-color: #ffffff !important;}&#8221;]\n<div style=\"font-size: 25px; color: #009d8b; text-align: center;\"><span style=\"color: #ffffff;\">a\u00a0<\/span><\/div>\n<div style=\"font-size: 25px; color: #009d8b; text-align: center;\"><strong>estrategia y\u00a0ejecuci\u00f3n<\/strong><\/div>\n<div style=\"font-size: 20px; color: #3b4f50; text-align: center;\">definici\u00f3n de visi\u00f3n, estrategia y portafolio \u00a0<span style=\"color: #ff6600;\"><strong>+<\/strong> <\/span>\u00a0\u00a0salir r\u00e1pido al mercado, probar y ajustar<br \/>\nm\u00e1s ejecuci\u00f3n vs. menos planeaci\u00f3n \u00a0 <span style=\"color: #ff6600;\"><strong>+<\/strong><\/span> \u00a0\u00a0rentabilidad y sostenibilidad vs. crecimiento<\/div>\n<div style=\"font-size: 20px; color: #3b4f50; text-align: center;\"><\/div>\n<div style=\"font-size: 20px; color: #3b4f50; text-align: center;\">\n<hr \/>\n<\/div>\n[\/vc_column_text][\/vc_column][\/vc_row][vc_row][vc_column width=&#8221;1\/4&#8243;][vc_single_image image=&#8221;3705&#8243; alignment=&#8221;center&#8221;][\/vc_column][vc_column width=&#8221;3\/4&#8243;][vc_column_text css=&#8221;.vc_custom_1468589240774{margin-top: 20px !important;margin-right: 20px !important;margin-bottom: 20px !important;margin-left: 20px !important;padding-top: 20px !important;padding-right: 10px !important;padding-bottom: 20px !important;padding-left: 10px !important;background-color: #ffffff !important;}&#8221;]\n<div style=\"font-size: 25px; color: #009d8b; text-align: center;\"><strong>acceso<\/strong><\/div>\n<div style=\"font-size: 20px; color: #3b4f50; text-align: center;\">red de patrocinadores inversionistas \u00a0 \u00a0 \u00a0 <span style=\"color: #ff6600;\">\u00a0<strong>+<\/strong><\/span>\u00a0 \u00a0 \u00a0 \u00a0conocimiento, estrategia y toma de decisiones<\/div>\n<div style=\"font-size: 20px; color: #3b4f50; text-align: center;\">contactos: clientes, aliados, proveedores \u00a0 \u00a0\u00a0<span style=\"color: #ff6600;\"><strong>+<\/strong><\/span>\u00a0 \u00a0 \u00a0 inversi\u00f3n: dinero con filosof\u00eda<\/div>\n<div style=\"font-size: 20px; color: #3b4f50; text-align: center;\"><\/div>\n<div style=\"font-size: 20px; color: #3b4f50; text-align: center;\">\n<hr \/>\n<\/div>\n[\/vc_column_text][\/vc_column][\/vc_row][vc_row][vc_column width=&#8221;1\/4&#8243;][vc_single_image image=&#8221;3706&#8243; alignment=&#8221;center&#8221;][\/vc_column][vc_column width=&#8221;3\/4&#8243;][vc_column_text css=&#8221;.vc_custom_1468589253118{margin-top: 20px !important;margin-right: 20px !important;margin-bottom: 20px !important;margin-left: 20px !important;padding-top: 20px !important;padding-right: 10px !important;padding-bottom: 20px !important;padding-left: 10px !important;background-color: #ffffff !important;}&#8221;]\n<div style=\"font-size: 25px; color: #009d8b; text-align: center;\"><strong>foco<\/strong><\/div>\n<div style=\"font-size: 20px; color: #3b4f50; text-align: center;\">Soluci\u00f3n a los \u201cdolores de cabeza\u201d pero que son esenciales<\/div>\n<div style=\"font-size: 20px; color: #3b4f50; text-align: center;\">finanzas e impuestos \u00a0<span style=\"color: #ff6600;\"><strong>+<\/strong><\/span>\u00a0\u00a0administraci\u00f3n <strong>\u00a0<span style=\"color: #ff6600;\">+<\/span><\/strong> \u00a0gesti\u00f3n de Recursos Humanos \u00a0<span style=\"color: #ff6600;\"><strong>+<\/strong><\/span> \u00a0soporte Legal<\/div>\n<div style=\"font-size: 20px; color: #3b4f50; text-align: center;\"><\/div>\n<div style=\"font-size: 20px; color: #3b4f50; text-align: center;\">\n<hr \/>\n<\/div>\n[\/vc_column_text][\/vc_column][\/vc_row][vc_row][vc_column width=&#8221;1\/4&#8243;][vc_single_image image=&#8221;3710&#8243; alignment=&#8221;center&#8221;][\/vc_column][vc_column width=&#8221;3\/4&#8243;][vc_column_text css=&#8221;.vc_custom_1468589270455{margin-top: 20px !important;margin-right: 20px !important;margin-bottom: 20px !important;margin-left: 20px !important;padding-top: 20px !important;padding-right: 10px !important;padding-bottom: 20px !important;padding-left: 10px !important;background-color: #ffffff !important;}&#8221;]\n<div style=\"font-size: 25px; color: #009d8b; text-align: center;\"><strong>gana &#8211; gana<\/strong><\/div>\n<div style=\"font-size: 20px; color: #3b4f50; text-align: center;\">nuestra compensaci\u00f3n es basada en resultados, \u00a0el objetivo es ganar si todos ganamos de lo contrario no hay costo<\/div>\n<div style=\"font-size: 20px; color: #3b4f50; text-align: center;\"><\/div>\n<div style=\"font-size: 20px; color: #3b4f50; text-align: center;\">\n<hr \/>\n<\/div>\n[\/vc_column_text][\/vc_column][\/vc_row][vc_row el_id=&#8221;organizacional&#8221;][vc_column][vc_column_text]\n<div style=\"font-size: 35px; color: #3b4f50; text-align: left;\"><strong>\u00bfqu\u00e9 es el<span style=\"color: #009d8b;\"> mojo organizacional?<\/span><\/strong><\/div>\n<div style=\"font-size: 20px; color: #3b4f50; text-align: left; margin-top: 10px;\"><strong>mojo<\/strong> ventures, estamos convencidos de que las empresas con que trabajemos lograr\u00e1n tener un equipo inspirado, crecimiento acelerado y rentabilidad.<\/div>\n[\/vc_column_text][\/vc_column][\/vc_row][vc_row][vc_column width=&#8221;1\/2&#8243;][vc_single_image image=&#8221;3532&#8243; img_size=&#8221;medium&#8221; alignment=&#8221;center&#8221; css_animation=&#8221;appear&#8221;][\/vc_column][vc_column width=&#8221;1\/2&#8243;][vc_tta_accordion style=&#8221;modern&#8221; shape=&#8221;square&#8221; gap=&#8221;20&#8243; c_position=&#8221;right&#8221; active_section=&#8221;1&#8243; collapsible_all=&#8221;true&#8221; el_class=&#8221;elAcordeon&#8221;][vc_tta_section title=&#8221;mojo individual:&#8221; tab_id=&#8221;1467230042009-30a8bf10-aaa1&#8243;][vc_column_text]\n<p style=\"text-align: justify;\">el mojo de cada persona es el elemento fundamental para tener MOJO Empresarial. El MOJO se ve reflejado en alguien que ama lo que hace, lo hace con una actitud positiva y lo muestra al mundo. Para lograr esto, las personas deben estar en un correcto balance entre el beneficio a largo plazo (o sentido) que tienen lo que hacen as\u00ed como en el beneficio de corto plazo (felicidad) que les genera. En MOJO Ventures estamos convencidos que la b\u00fasqueda de este balance en cada persona de la organizaci\u00f3n es fundamental para tener un equipo inspirado y as\u00ed obtener resultados extraordinarios.<\/p>\n[\/vc_column_text][\/vc_tta_section][vc_tta_section title=&#8221;brechas en habilidades:&#8221; tab_id=&#8221;1467230042131-317cc380-34a1&#8243;][vc_column_text]\n<p style=\"text-align: justify;\">Con el fin de lograr que las personas demuestren un desempe\u00f1o extraordinario es importante que sus habilidades est\u00e9n alineadas con las necesidades del rol que est\u00e1n desempe\u00f1ando. Esto es sin duda una din\u00e1mica que cambia mucho en el tiempo; no es est\u00e1tico, por lo que las organizaciones deben estar en constante monitoreo de las habilidades requeridas de los roles cambiantes y de las habilidades de las personas que tambi\u00e9n son cambiantes. Estamos convencidos que el cierre de estas brechas es una corresponsabilidad entre empresa y persona.<\/p>\n[\/vc_column_text][\/vc_tta_section][vc_tta_section title=&#8221;modelo de organizaci\u00f3n: &#8221; tab_id=&#8221;1467230215391-f6858734-3230&#8243;][vc_column_text]\n<p style=\"text-align: justify;\">Hemos encontrado una y otra vez que es posible tener personas con MOJO y con las habilidades adecuadas pero que por el modelo organizacional \u2013 complejo, lento, r\u00edgido \u2013 el desempe\u00f1o no es extraordinario; en algunos casos, apenas aceptable. El modelo de organizaci\u00f3n contempla diferentes elementos, no solamente la estructura organizacional: derechos de decisi\u00f3n y accountability, motivadores e incentivos, comunicaci\u00f3n y alineaci\u00f3n a lo largo de la organizaci\u00f3n. Todos estos elementos deben ser consistentes entre s\u00ed para generar un ambiente propicio para el MOJO Empresarial.<\/p>\n[\/vc_column_text][\/vc_tta_section][vc_tta_section title=&#8221;liderazgo:&#8221; tab_id=&#8221;1467230301893-faf8654e-96cc&#8221;][vc_column_text]\n<p style=\"text-align: justify;\">La forma como se ejerce el liderazgo en la organizaci\u00f3n puede f\u00e1cilmente catapultar el MOJO Empresarial pero a la vez puede sepultarlo. Los l\u00edderes son personas y por ende, deben estar en continua construcci\u00f3n de sus habilidades de liderazgo. En MOJO Ventures consideramos que hay cuatro caracter\u00edsticas que los l\u00edderes deben trabajar siempre para lograr impulsar el MOJO Individual y Empresarial: consistencia entre lo que dicen y hacen, capacidad de inspirar (motivar a hacer) y a la vez de delegar (dejar hacer), y su capacidad de comunicaci\u00f3n e influencia.<\/p>\n[\/vc_column_text][\/vc_tta_section][\/vc_tta_accordion][\/vc_column][\/vc_row][vc_row css=&#8221;.vc_custom_1467230876787{margin-bottom: 40px !important;}&#8221;][vc_column][\/vc_column][\/vc_row]","protected":false},"excerpt":{"rendered":"<p>[vc_row][vc_column width=&#8221;1\/2&#8243;][vc_column_text] modelo conceptual | mojo ventures Estamos convencidos que el mojo unido con estrategia y ejecuci\u00f3n generan resultados extraordinarios en los negocios y en las personas [\/vc_column_text][vc_single_image image=&#8221;3693&#8243; img_size=&#8221;medium&#8221; alignment=&#8221;center&#8221; onclick=&#8221;zoom&#8221; css_animation=&#8221;appear&#8221;][\/vc_column][vc_column width=&#8221;1\/2&#8243;][vc_column_text] construcci\u00f3n de empresas la construcci\u00f3n de empresas tiene tres componentes principales:&#8230;<\/p>\n","protected":false},"author":1,"featured_media":0,"parent":0,"menu_order":0,"comment_status":"closed","ping_status":"closed","template":"","meta":{"footnotes":""},"class_list":["post-3477","page","type-page","status-publish","hentry"],"_links":{"self":[{"href":"https:\/\/www.mojoventures.co\/en\/wp-json\/wp\/v2\/pages\/3477","targetHints":{"allow":["GET"]}}],"collection":[{"href":"https:\/\/www.mojoventures.co\/en\/wp-json\/wp\/v2\/pages"}],"about":[{"href":"https:\/\/www.mojoventures.co\/en\/wp-json\/wp\/v2\/types\/page"}],"author":[{"embeddable":true,"href":"https:\/\/www.mojoventures.co\/en\/wp-json\/wp\/v2\/users\/1"}],"replies":[{"embeddable":true,"href":"https:\/\/www.mojoventures.co\/en\/wp-json\/wp\/v2\/comments?post=3477"}],"version-history":[{"count":101,"href":"https:\/\/www.mojoventures.co\/en\/wp-json\/wp\/v2\/pages\/3477\/revisions"}],"predecessor-version":[{"id":3841,"href":"https:\/\/www.mojoventures.co\/en\/wp-json\/wp\/v2\/pages\/3477\/revisions\/3841"}],"wp:attachment":[{"href":"https:\/\/www.mojoventures.co\/en\/wp-json\/wp\/v2\/media?parent=3477"}],"curies":[{"name":"wp","href":"https:\/\/api.w.org\/{rel}","templated":true}]}}